{"id":80,"date":"2026-01-28T20:34:02","date_gmt":"2026-01-28T19:34:02","guid":{"rendered":"https:\/\/www.citytourscusco.com\/br\/?page_id=80"},"modified":"2026-01-28T20:34:02","modified_gmt":"2026-01-28T19:34:02","slug":"blog","status":"publish","type":"page","link":"https:\/\/www.citytourscusco.com\/br\/blog\/","title":{"rendered":"Blog &#8211; CityToursCusco"},"content":{"rendered":"<section class=\"bg-white pt-6 py-8\">\r\n    <div class=\"container mx-auto px-4\">\r\n        <div class=\"max-w-5xl mx-auto\">\r\n            <div class=\"mb-6\">\r\n                <h1 class=\"text-center text-3xl md:text-4xl font-bold text-neutral-900 py-8\">\r\n                    Descubra Cusco com CityToursCusco\r\n                <\/h1>\r\n                <p class=\"mb-6 text-lg text-neutral-600 leading-relaxed\">Na <b>CityToursCusco<\/b>, voc\u00ea encontrar\u00e1 artigos informativos sobre as principais atra\u00e7\u00f5es tur\u00edsticas da cidade: desde s\u00edtios arqueol\u00f3gicos como Sacsayhuam\u00e1n e Qoricancha, at\u00e9 mirantes e a famosa Plaza de Armas. Navegue pelos nossos artigos e prepare-se para descobrir tudo o que Cusco tem a oferecer.<\/p>\r\n                <div class=\"vs-list-container js-container-post\"><input type=\"hidden\" value=\"1\" id=\"js-page\" name=\"js-page\"><input type=\"hidden\" value=\"12\" id=\"js-paginad\" name=\"js-paginad\"><div class=\"grid grid-cols-1 md:grid-cols-3 gap-6 max-w-5xl mx-auto mb-8 js-content_article\"><a href=\"https:\/\/www.citytourscusco.com\/br\/blog\/destinos-impressionantes-cidade-cusco\/\" class=\"group relative bg-white rounded-lg overflow-hidden shadow-sm hover:shadow-xl transition-all duration-300 block\"><div class=\"relative h-64 overflow-hidden\"><img decoding=\"async\" src=\"https:\/\/www.citytourscusco.com\/wp-content\/uploads\/san-blas-card-1.jpg\" class=\"w-full h-full object-cover\"><div class=\"absolute inset-0 bg-gradient-to-t from-black\/80 via-black\/30 to-transparent\"><\/div><div class=\"absolute bottom-6 left-6 z-10\"><h3 class=\"text-xl font-bold text-white drop-shadow-lg\">Os destinos mais impressionantes da cidade de Cusco<\/h3><\/div><\/div><\/a><a href=\"https:\/\/www.citytourscusco.com\/br\/blog\/praca-armas-cusco\/\" class=\"group relative bg-white rounded-lg overflow-hidden shadow-sm hover:shadow-xl transition-all duration-300 block\"><div class=\"relative h-64 overflow-hidden\"><img decoding=\"async\" src=\"https:\/\/www.citytourscusco.com\/wp-content\/uploads\/cusco-atractivos-card-1-1.jpg\" class=\"w-full h-full object-cover\"><div class=\"absolute inset-0 bg-gradient-to-t from-black\/80 via-black\/30 to-transparent\"><\/div><div class=\"absolute bottom-6 left-6 z-10\"><h3 class=\"text-xl font-bold text-white drop-shadow-lg\">A Pra\u00e7a de Armas de Cusco<\/h3><\/div><\/div><\/a><a href=\"https:\/\/www.citytourscusco.com\/br\/blog\/melhores-mirantes-cusco\/\" class=\"group relative bg-white rounded-lg overflow-hidden shadow-sm hover:shadow-xl transition-all duration-300 block\"><div class=\"relative h-64 overflow-hidden\"><img decoding=\"async\" src=\"https:\/\/www.citytourscusco.com\/wp-content\/uploads\/miradores-card-1.jpg\" class=\"w-full h-full object-cover\"><div class=\"absolute inset-0 bg-gradient-to-t from-black\/80 via-black\/30 to-transparent\"><\/div><div class=\"absolute bottom-6 left-6 z-10\"><h3 class=\"text-xl font-bold text-white drop-shadow-lg\">Os melhores mirantes de Cusco: guia, percursos e dicas<\/h3><\/div><\/div><\/a><a href=\"https:\/\/www.citytourscusco.com\/br\/blog\/fortaleza-arqueologica-sacsayhuaman\/\" class=\"group relative bg-white rounded-lg overflow-hidden shadow-sm hover:shadow-xl transition-all duration-300 block\"><div class=\"relative h-64 overflow-hidden\"><img decoding=\"async\" src=\"https:\/\/www.citytourscusco.com\/wp-content\/uploads\/sacsayhuaman-card-1.jpg\" class=\"w-full h-full object-cover\"><div class=\"absolute inset-0 bg-gradient-to-t from-black\/80 via-black\/30 to-transparent\"><\/div><div class=\"absolute bottom-6 left-6 z-10\"><h3 class=\"text-xl font-bold text-white drop-shadow-lg\">Fortaleza arqueol\u00f3gica de Sacsayhuam\u00e1n<\/h3><\/div><\/div><\/a><a href=\"https:\/\/www.citytourscusco.com\/br\/blog\/atracoes-turisticas-gratuitas-cusco\/\" class=\"group relative bg-white rounded-lg overflow-hidden shadow-sm hover:shadow-xl transition-all duration-300 block\"><div class=\"relative h-64 overflow-hidden\"><img decoding=\"async\" src=\"https:\/\/www.citytourscusco.com\/wp-content\/uploads\/card-lugares-turisticos-1.jpg\" class=\"w-full h-full object-cover\"><div class=\"absolute inset-0 bg-gradient-to-t from-black\/80 via-black\/30 to-transparent\"><\/div><div class=\"absolute bottom-6 left-6 z-10\"><h3 class=\"text-xl font-bold text-white drop-shadow-lg\">Atra\u00e7\u00f5es tur\u00edsticas gratuitas da cidade de Cusco<\/h3><\/div><\/div><\/a><a href=\"https:\/\/www.citytourscusco.com\/br\/blog\/bairro-san-blas\/\" class=\"group relative bg-white rounded-lg overflow-hidden shadow-sm hover:shadow-xl transition-all duration-300 block\"><div class=\"relative h-64 overflow-hidden\"><img decoding=\"async\" src=\"https:\/\/www.citytourscusco.com\/wp-content\/uploads\/san-blas-plaza-card-1.jpg\" class=\"w-full h-full object-cover\"><div class=\"absolute inset-0 bg-gradient-to-t from-black\/80 via-black\/30 to-transparent\"><\/div><div class=\"absolute bottom-6 left-6 z-10\"><h3 class=\"text-xl font-bold text-white drop-shadow-lg\">O Bairro de San Blas<\/h3><\/div><\/div><\/a><a href=\"https:\/\/www.citytourscusco.com\/br\/blog\/curiosidades-cidade-cusco\/\" class=\"group relative bg-white rounded-lg overflow-hidden shadow-sm hover:shadow-xl transition-all duration-300 block\"><div class=\"relative h-64 overflow-hidden\"><img decoding=\"async\" src=\"https:\/\/www.citytourscusco.com\/wp-content\/uploads\/plaza-armas-cusco-datos-card-1.jpg\" class=\"w-full h-full object-cover\"><div class=\"absolute inset-0 bg-gradient-to-t from-black\/80 via-black\/30 to-transparent\"><\/div><div class=\"absolute bottom-6 left-6 z-10\"><h3 class=\"text-xl font-bold text-white drop-shadow-lg\">7 curiosidades sobre a cidade de Cusco<\/h3><\/div><\/div><\/a><a href=\"https:\/\/www.citytourscusco.com\/br\/blog\/qoricancha-templo-sol\/\" class=\"group relative bg-white rounded-lg overflow-hidden shadow-sm hover:shadow-xl transition-all duration-300 block\"><div class=\"relative h-64 overflow-hidden\"><img decoding=\"async\" src=\"https:\/\/www.citytourscusco.com\/wp-content\/uploads\/qoricancha-card-1.jpg\" class=\"w-full h-full object-cover\"><div class=\"absolute inset-0 bg-gradient-to-t from-black\/80 via-black\/30 to-transparent\"><\/div><div class=\"absolute bottom-6 left-6 z-10\"><h3 class=\"text-xl font-bold text-white drop-shadow-lg\">Qoricancha \u2013 Templo do Sol<\/h3><\/div><\/div><\/a><\/div><\/div>\r\n            <\/div>\r\n        <\/div>\r\n    <\/div>\r\n<\/section>\r\n","protected":false},"excerpt":{"rendered":"<p>Descubra Cusco com CityToursCusco Na CityToursCusco, voc\u00ea encontrar\u00e1 artigos informativos sobre as principais atra\u00e7\u00f5es tur\u00edsticas da cidade: desde s\u00edtios arqueol\u00f3gicos como Sacsayhuam\u00e1n e Qoricancha, at\u00e9 mirantes e a famosa Plaza de Armas. Navegue pelos nossos artigos e prepare-se para descobrir tudo o que Cusco tem a oferecer.<\/p>\n","protected":false},"author":1,"featured_media":0,"parent":0,"menu_order":0,"comment_status":"closed","ping_status":"closed","template":"","meta":{"footnotes":""},"class_list":["post-80","page","type-page","status-publish","hentry","no-wpautop"],"aioseo_notices":[],"_links":{"self":[{"href":"https:\/\/www.citytourscusco.com\/br\/wp-json\/wp\/v2\/pages\/80","targetHints":{"allow":["GET"]}}],"collection":[{"href":"https:\/\/www.citytourscusco.com\/br\/wp-json\/wp\/v2\/pages"}],"about":[{"href":"https:\/\/www.citytourscusco.com\/br\/wp-json\/wp\/v2\/types\/page"}],"author":[{"embeddable":true,"href":"https:\/\/www.citytourscusco.com\/br\/wp-json\/wp\/v2\/users\/1"}],"replies":[{"embeddable":true,"href":"https:\/\/www.citytourscusco.com\/br\/wp-json\/wp\/v2\/comments?post=80"}],"version-history":[{"count":1,"href":"https:\/\/www.citytourscusco.com\/br\/wp-json\/wp\/v2\/pages\/80\/revisions"}],"predecessor-version":[{"id":81,"href":"https:\/\/www.citytourscusco.com\/br\/wp-json\/wp\/v2\/pages\/80\/revisions\/81"}],"wp:attachment":[{"href":"https:\/\/www.citytourscusco.com\/br\/wp-json\/wp\/v2\/media?parent=80"}],"curies":[{"name":"wp","href":"https:\/\/api.w.org\/{rel}","templated":true}]}}