{"id":76,"date":"2026-01-28T20:27:44","date_gmt":"2026-01-28T19:27:44","guid":{"rendered":"https:\/\/www.citytourscusco.com\/br\/?page_id=76"},"modified":"2026-01-28T20:27:52","modified_gmt":"2026-01-28T19:27:52","slug":"reserva-tour-rafting-chuquicahuana-cusco","status":"publish","type":"page","link":"https:\/\/www.citytourscusco.com\/br\/reserva-tour-rafting-chuquicahuana-cusco\/","title":{"rendered":"Reserva Tour Rafting Chuquicahuana em Cusco"},"content":{"rendered":"<section class=\"bg-white pt-6 py-8\">\r\n    <div class=\"container mx-auto px-4\">\r\n        <div class=\"max-w-5xl mx-auto\">\r\n            <div class=\"mb-6\">\r\n                <h1 class=\"text-center text-3xl md:text-4xl font-bold text-neutral-900 pt-8\">\r\n                    Reserva Tour Rafting Chuquicahuana em Cusco\r\n                <\/h1>\r\n                <!-- <p class=\"mb-6 text-lg text-neutral-600 leading-relaxed\">Na <b>CityToursCusco<\/b>, voc\u00ea encontrar\u00e1 artigos informativos sobre as principais atra\u00e7\u00f5es tur\u00edsticas da cidade: desde s\u00edtios arqueol\u00f3gicos como Sacsayhuam\u00e1n e Qoricancha, at\u00e9 mirantes e a famosa Plaza de Armas. Navegue pelos nossos artigos e prepare-se para descobrir tudo o que Cusco tem a oferecer.<\/p> -->\r\n                <div class=\"mt-fmv-form-render fm-form-container\" id=\"fmv_data_id\"><form-container :data=\"render\" :loading=\"loading\" :current=\"current\" :submited=\"submited\" :settings=\"settings\" :nosolved=\"showCaptchaError\" :sending=\"sending\" :pre-upload=\"preUpload\" :show-preview-data=\"showPreviewData\" :show-submit-buttons=\"showSubmitButtons\" :fid=\"fid\" :preview-data-content=\"previewDataContent\" :change-register-section=\"changeRegisterSection\" :is-login=\"isLogin\" :payments=\"payments\" :translates=\"translates\" :type=\"type\" :message=\"message\"><\/form-container><\/div>\r\n            <\/div>\r\n        <\/div>\r\n    <\/div>\r\n<\/section>\r\n","protected":false},"excerpt":{"rendered":"Reserva Tour Rafting Chuquicahuana em Cusco","protected":false},"author":1,"featured_media":0,"parent":0,"menu_order":0,"comment_status":"closed","ping_status":"closed","template":"","meta":{"footnotes":""},"class_list":["post-76","page","type-page","status-publish","hentry","no-wpautop"],"aioseo_notices":[],"_links":{"self":[{"href":"https:\/\/www.citytourscusco.com\/br\/wp-json\/wp\/v2\/pages\/76","targetHints":{"allow":["GET"]}}],"collection":[{"href":"https:\/\/www.citytourscusco.com\/br\/wp-json\/wp\/v2\/pages"}],"about":[{"href":"https:\/\/www.citytourscusco.com\/br\/wp-json\/wp\/v2\/types\/page"}],"author":[{"embeddable":true,"href":"https:\/\/www.citytourscusco.com\/br\/wp-json\/wp\/v2\/users\/1"}],"replies":[{"embeddable":true,"href":"https:\/\/www.citytourscusco.com\/br\/wp-json\/wp\/v2\/comments?post=76"}],"version-history":[{"count":1,"href":"https:\/\/www.citytourscusco.com\/br\/wp-json\/wp\/v2\/pages\/76\/revisions"}],"predecessor-version":[{"id":77,"href":"https:\/\/www.citytourscusco.com\/br\/wp-json\/wp\/v2\/pages\/76\/revisions\/77"}],"wp:attachment":[{"href":"https:\/\/www.citytourscusco.com\/br\/wp-json\/wp\/v2\/media?parent=76"}],"curies":[{"name":"wp","href":"https:\/\/api.w.org\/{rel}","templated":true}]}}