{"id":63,"date":"2026-01-27T23:27:12","date_gmt":"2026-01-27T22:27:12","guid":{"rendered":"https:\/\/www.citytourscusco.com\/br\/?page_id=63"},"modified":"2026-01-28T23:19:42","modified_gmt":"2026-01-28T22:19:42","slug":"tours","status":"publish","type":"page","link":"https:\/\/www.citytourscusco.com\/br\/tours\/","title":{"rendered":"Tours City Tours Cusco"},"content":{"rendered":"<section class=\"bg-white pt-6 py-8\">\r\n    <div class=\"container mx-auto px-4\">\r\n        <div class=\"max-w-5xl mx-auto\">\r\n            <div class=\"mb-6\">\r\n                <h1 class=\"text-center text-3xl md:text-4xl font-bold text-neutral-900 py-8\">\r\n                    Explore Cusco com os Melhores Passeios da CityToursCusco\r\n                <\/h1>\r\n                <p class=\"mb-6 text-lg text-neutral-600 leading-relaxed\">Na CityToursCusco, oferecemos passeios exclusivos para explorar as principais atra\u00e7\u00f5es da cidade, desde Sacsayhuam\u00e1n e Qoricancha at\u00e9 seus belos mirantes e pra\u00e7as. Prepare-se para viver uma experi\u00eancia aut\u00eantica e emocionante!<\/p>\r\n <div class=\"relative max-w-6xl mx-auto js-container-tour\"><input type=\"hidden\" value=\"1\" id=\"js-page-tour\" name=\"js-page-tour\"><input type=\"hidden\" value=\"6\" id=\"js-paginado\" name=\"js-paginado\"><div class=\"grid grid-cols-1 md:grid-cols-2 lg:grid-cols-3 gap-8 js-content_tour\"><div class=\"bg-white rounded-lg shadow-md overflow-hidden hover:shadow-xl transition-shadow flex flex-col\"><div class=\"h-48 relative overflow-hidden flex-shrink-0\"><img decoding=\"async\" src=\"https:\/\/www.citytourscusco.com\/wp-content\/uploads\/bus-panoramico-br.jpg\" class=\"w-full h-full object-cover hover:scale-105 transition-transform duration-300\"><\/div><div class=\"p-6 flex flex-col flex-grow\"><h3 class=\"text-xl font-semibold mb-2 line-clamp-2 min-h-[3.5rem]\">Tour Panor\u00e2mico em \u00f4nibus 180\u00b0<\/h3><p class=\"text-neutral-600 mb-4 line-clamp-3 flex-grow\">Aproveite o Tour Panor\u00e2mico em \u00f4nibus 180\u00b0 por Cusco: visite a Plaza de Armas, Qoricancha e Cristo Blanco com vistas \u00fanicas, dan\u00e7as tradicionais e degusta\u00e7\u00e3o de Pisco Sour.<\/p><div class=\"flex items-center justify-between mt-auto\"><span class=\"text-primary font-semibold\"><\/span><a href=\"https:\/\/www.citytourscusco.com\/br\/tour-panoramico-onibus-180\/\" class=\"text-primary hover:text-primary-dark font-medium\">Veja mais \u2192<\/a><\/div><\/div><\/div><div class=\"bg-white rounded-lg shadow-md overflow-hidden hover:shadow-xl transition-shadow flex flex-col\"><div class=\"h-48 relative overflow-hidden flex-shrink-0\"><img decoding=\"async\" src=\"https:\/\/www.citytourscusco.com\/wp-content\/uploads\/morada-dioses-cuatrimoto-br.jpg\" class=\"w-full h-full object-cover hover:scale-105 transition-transform duration-300\"><\/div><div class=\"p-6 flex flex-col flex-grow\"><h3 class=\"text-xl font-semibold mb-2 line-clamp-2 min-h-[3.5rem]\">Tour \u00e0 Morada dos Deuses de quadriciclo<\/h3><p class=\"text-neutral-600 mb-4 line-clamp-3 flex-grow\">Tour de quadriciclo \u00e0 Morada dos Deuses e \u00e0 lagoa Piuray: aventura de meio dia com paisagens do Vale Sagrado, com equipamento incluso e diversos hor\u00e1rios.<\/p><div class=\"flex items-center justify-between mt-auto\"><span class=\"text-primary font-semibold\"><\/span><a href=\"https:\/\/www.citytourscusco.com\/br\/tour-morada-deuses-quadriciclo\/\" class=\"text-primary hover:text-primary-dark font-medium\">Veja mais \u2192<\/a><\/div><\/div><\/div><div class=\"bg-white rounded-lg shadow-md overflow-hidden hover:shadow-xl transition-shadow flex flex-col\"><div class=\"h-48 relative overflow-hidden flex-shrink-0\"><img decoding=\"async\" src=\"https:\/\/www.citytourscusco.com\/wp-content\/uploads\/morada-dioses-br.jpg\" class=\"w-full h-full object-cover hover:scale-105 transition-transform duration-300\"><\/div><div class=\"p-6 flex flex-col flex-grow\"><h3 class=\"text-xl font-semibold mb-2 line-clamp-2 min-h-[3.5rem]\">Tour \u00e0 Morada dos Deuses<\/h3><p class=\"text-neutral-600 mb-4 line-clamp-3 flex-grow\">Descubra a Morada dos Deuses, o Vale dos Duendes, os P\u00e2ntanos de Huasao e Oropesa em um tour de um dia com guia, transporte tur\u00edstico e ingressos inclusos.<\/p><div class=\"flex items-center justify-between mt-auto\"><span class=\"text-primary font-semibold\"><\/span><a href=\"https:\/\/www.citytourscusco.com\/br\/tour-morada-deuses\/\" class=\"text-primary hover:text-primary-dark font-medium\">Veja mais \u2192<\/a><\/div><\/div><\/div><div class=\"bg-white rounded-lg shadow-md overflow-hidden hover:shadow-xl transition-shadow flex flex-col\"><div class=\"h-48 relative overflow-hidden flex-shrink-0\"><img decoding=\"async\" src=\"https:\/\/www.citytourscusco.com\/wp-content\/uploads\/valle-sur-cusco-br.jpg\" class=\"w-full h-full object-cover hover:scale-105 transition-transform duration-300\"><\/div><div class=\"p-6 flex flex-col flex-grow\"><h3 class=\"text-xl font-semibold mb-2 line-clamp-2 min-h-[3.5rem]\">Tour ao Vale Sul de Cusco<\/h3><p class=\"text-neutral-600 mb-4 line-clamp-3 flex-grow\">Tour ao Vale Sul em Cusco: descubra Tip\u00f3n, Piquillacta e Andahuaylillas em um passeio de meio dia com ingressos inclusos, guia profissional e transporte tur\u00edstico seguro.<\/p><div class=\"flex items-center justify-between mt-auto\"><span class=\"text-primary font-semibold\"><\/span><a href=\"https:\/\/www.citytourscusco.com\/br\/tour-vale-sul-cusco\/\" class=\"text-primary hover:text-primary-dark font-medium\">Veja mais \u2192<\/a><\/div><\/div><\/div><div class=\"bg-white rounded-lg shadow-md overflow-hidden hover:shadow-xl transition-shadow flex flex-col\"><div class=\"h-48 relative overflow-hidden flex-shrink-0\"><img decoding=\"async\" src=\"https:\/\/www.citytourscusco.com\/wp-content\/uploads\/rafting-cusco-media-br.jpg\" class=\"w-full h-full object-cover hover:scale-105 transition-transform duration-300\"><\/div><div class=\"p-6 flex flex-col flex-grow\"><h3 class=\"text-xl font-semibold mb-2 line-clamp-2 min-h-[3.5rem]\">Tour de Rafting em Cusco<\/h3><p class=\"text-neutral-600 mb-4 line-clamp-3 flex-grow\">Descubra a aventura do rafting no Rio Chuquicahuana em Cusco. Explore o Vale Sul, aproveite paisagens incr\u00edveis e viva um tour seguro, guiado e adequado para iniciantes.<\/p><div class=\"flex items-center justify-between mt-auto\"><span class=\"text-primary font-semibold\"><\/span><a href=\"https:\/\/www.citytourscusco.com\/br\/tour-rafting-cusco-chuquicahuana\/\" class=\"text-primary hover:text-primary-dark font-medium\">Veja mais \u2192<\/a><\/div><\/div><\/div><div class=\"bg-white rounded-lg shadow-md overflow-hidden hover:shadow-xl transition-shadow flex flex-col\"><div class=\"h-48 relative overflow-hidden flex-shrink-0\"><img decoding=\"async\" src=\"https:\/\/www.citytourscusco.com\/wp-content\/uploads\/city-tour-media-br.jpg\" class=\"w-full h-full object-cover hover:scale-105 transition-transform duration-300\"><\/div><div class=\"p-6 flex flex-col flex-grow\"><h3 class=\"text-xl font-semibold mb-2 line-clamp-2 min-h-[3.5rem]\">City Tour Cusco<\/h3><p class=\"text-neutral-600 mb-4 line-clamp-3 flex-grow\">Descubra o City Tour Cusco de meio dia e visite a Catedral, Qoricancha, Sacsayhuam\u00e1n, Qenqo, Puca Pucara e Tambomachay com guia profissional, transporte e ingressos inclusos.<\/p><div class=\"flex items-center justify-between mt-auto\"><span class=\"text-primary font-semibold\"><\/span><a href=\"https:\/\/www.citytourscusco.com\/br\/city-tour-cusco\/\" class=\"text-primary hover:text-primary-dark font-medium\">Veja mais \u2192<\/a><\/div><\/div><\/div><\/div><\/div>\r\n            <\/div>\r\n        <\/div>\r\n<\/section>\r\n","protected":false},"excerpt":{"rendered":"<p>Explore Cusco com os Melhores Passeios da CityToursCusco Na CityToursCusco, oferecemos passeios exclusivos para explorar as principais atra\u00e7\u00f5es da cidade, desde Sacsayhuam\u00e1n e Qoricancha at\u00e9 seus belos mirantes e pra\u00e7as. Prepare-se para viver uma experi\u00eancia aut\u00eantica e emocionante!<\/p>\n","protected":false},"author":1,"featured_media":0,"parent":0,"menu_order":0,"comment_status":"closed","ping_status":"closed","template":"","meta":{"footnotes":""},"class_list":["post-63","page","type-page","status-publish","hentry","no-wpautop"],"aioseo_notices":[],"_links":{"self":[{"href":"https:\/\/www.citytourscusco.com\/br\/wp-json\/wp\/v2\/pages\/63","targetHints":{"allow":["GET"]}}],"collection":[{"href":"https:\/\/www.citytourscusco.com\/br\/wp-json\/wp\/v2\/pages"}],"about":[{"href":"https:\/\/www.citytourscusco.com\/br\/wp-json\/wp\/v2\/types\/page"}],"author":[{"embeddable":true,"href":"https:\/\/www.citytourscusco.com\/br\/wp-json\/wp\/v2\/users\/1"}],"replies":[{"embeddable":true,"href":"https:\/\/www.citytourscusco.com\/br\/wp-json\/wp\/v2\/comments?post=63"}],"version-history":[{"count":2,"href":"https:\/\/www.citytourscusco.com\/br\/wp-json\/wp\/v2\/pages\/63\/revisions"}],"predecessor-version":[{"id":127,"href":"https:\/\/www.citytourscusco.com\/br\/wp-json\/wp\/v2\/pages\/63\/revisions\/127"}],"wp:attachment":[{"href":"https:\/\/www.citytourscusco.com\/br\/wp-json\/wp\/v2\/media?parent=63"}],"curies":[{"name":"wp","href":"https:\/\/api.w.org\/{rel}","templated":true}]}}